{"id":1785,"date":"2023-10-07T18:59:53","date_gmt":"2023-10-07T16:59:53","guid":{"rendered":"https:\/\/www.maxime-schaffner-century21.fr\/?page_id=1785"},"modified":"2023-10-07T19:16:24","modified_gmt":"2023-10-07T17:16:24","slug":"aix-les-bains-integre-la-liste-des-zones-tendues","status":"publish","type":"page","link":"https:\/\/www.maxime-schaffner-century21.fr\/index.php\/aix-les-bains-integre-la-liste-des-zones-tendues\/","title":{"rendered":"Aix-les-Bains int\u00e8gre la liste des zones tendues : Comment cela impacte le march\u00e9 immobilier ?"},"content":{"rendered":"\t\t<div data-elementor-type=\"wp-page\" data-elementor-id=\"1785\" class=\"elementor elementor-1785\">\n\t\t\t\t\t\t<section class=\"elementor-section elementor-top-section elementor-element elementor-element-9878938 elementor-section-boxed elementor-section-height-default elementor-section-height-default\" data-id=\"9878938\" data-element_type=\"section\" data-e-type=\"section\">\n\t\t\t\t\t\t<div class=\"elementor-container elementor-column-gap-default\">\n\t\t\t\t\t<div class=\"elementor-column elementor-col-100 elementor-top-column elementor-element elementor-element-a751a7d\" data-id=\"a751a7d\" data-element_type=\"column\" data-e-type=\"column\">\n\t\t\t<div class=\"elementor-widget-wrap elementor-element-populated\">\n\t\t\t\t\t\t<div class=\"elementor-element elementor-element-b0ddef7 elementor-widget elementor-widget-spacer\" data-id=\"b0ddef7\" data-element_type=\"widget\" data-e-type=\"widget\" data-widget_type=\"spacer.default\">\n\t\t\t\t<div class=\"elementor-widget-container\">\n\t\t\t\t\t\t\t<div class=\"elementor-spacer\">\n\t\t\t<div class=\"elementor-spacer-inner\"><\/div>\n\t\t<\/div>\n\t\t\t\t\t\t<\/div>\n\t\t\t\t<\/div>\n\t\t\t\t\t<\/div>\n\t\t<\/div>\n\t\t\t\t\t<\/div>\n\t\t<\/section>\n\t\t\t\t<section class=\"elementor-section elementor-top-section elementor-element elementor-element-56a2ff8 elementor-section-boxed elementor-section-height-default elementor-section-height-default\" data-id=\"56a2ff8\" data-element_type=\"section\" data-e-type=\"section\">\n\t\t\t\t\t\t<div class=\"elementor-container elementor-column-gap-default\">\n\t\t\t\t\t<div class=\"elementor-column elementor-col-100 elementor-top-column elementor-element elementor-element-3978e13\" data-id=\"3978e13\" data-element_type=\"column\" data-e-type=\"column\">\n\t\t\t<div class=\"elementor-widget-wrap elementor-element-populated\">\n\t\t\t\t\t\t<div class=\"elementor-element elementor-element-af08a4e elementor-widget elementor-widget-image\" data-id=\"af08a4e\" data-element_type=\"widget\" data-e-type=\"widget\" data-widget_type=\"image.default\">\n\t\t\t\t<div class=\"elementor-widget-container\">\n\t\t\t\t\t\t\t\t\t\t\t\t\t\t\t<img fetchpriority=\"high\" decoding=\"async\" width=\"750\" height=\"629\" src=\"https:\/\/www.maxime-schaffner-century21.fr\/wp-content\/uploads\/2023\/10\/Aix-les-Bains-integre-la-liste-des-zones-tendues-Comment-cela-impacte-le-marche-immobilier.png\" class=\"attachment-large size-large wp-image-1786\" alt=\"\" srcset=\"https:\/\/www.maxime-schaffner-century21.fr\/wp-content\/uploads\/2023\/10\/Aix-les-Bains-integre-la-liste-des-zones-tendues-Comment-cela-impacte-le-marche-immobilier.png 940w, https:\/\/www.maxime-schaffner-century21.fr\/wp-content\/uploads\/2023\/10\/Aix-les-Bains-integre-la-liste-des-zones-tendues-Comment-cela-impacte-le-marche-immobilier-300x251.png 300w, https:\/\/www.maxime-schaffner-century21.fr\/wp-content\/uploads\/2023\/10\/Aix-les-Bains-integre-la-liste-des-zones-tendues-Comment-cela-impacte-le-marche-immobilier-768x644.png 768w\" sizes=\"(max-width: 750px) 100vw, 750px\" \/>\t\t\t\t\t\t\t\t\t\t\t\t\t\t\t<\/div>\n\t\t\t\t<\/div>\n\t\t\t\t\t<\/div>\n\t\t<\/div>\n\t\t\t\t\t<\/div>\n\t\t<\/section>\n\t\t\t\t<section class=\"elementor-section elementor-top-section elementor-element elementor-element-0d3d577 elementor-section-boxed elementor-section-height-default elementor-section-height-default\" data-id=\"0d3d577\" data-element_type=\"section\" data-e-type=\"section\">\n\t\t\t\t\t\t<div class=\"elementor-container elementor-column-gap-default\">\n\t\t\t\t\t<div class=\"elementor-column elementor-col-100 elementor-top-column elementor-element elementor-element-a093d66\" data-id=\"a093d66\" data-element_type=\"column\" data-e-type=\"column\">\n\t\t\t<div class=\"elementor-widget-wrap elementor-element-populated\">\n\t\t\t\t\t\t<div class=\"elementor-element elementor-element-f1565c1 elementor-widget elementor-widget-text-editor\" data-id=\"f1565c1\" data-element_type=\"widget\" data-e-type=\"widget\" data-widget_type=\"text-editor.default\">\n\t\t\t\t<div class=\"elementor-widget-container\">\n\t\t\t\t\t\t\t\t\t<div>\n<div>\n<div>\n<div>\n<p><strong>Aix-les-Bains int\u00e8gre la liste des zones tendues : Comment cela impacte le march\u00e9 immobilier ?<\/strong><\/p>\n<p>La crise du logement en France a pouss\u00e9 Aix-les-Bains \u00e0 \u00eatre reclass\u00e9e en tant que zone tendue depuis le 25 ao\u00fbt 2023. Cette reclassification entra\u00eene d&rsquo;importants changements tant pour les locataires que pour les propri\u00e9taires. Dans cet article, nous allons d\u00e9crypter en quoi consiste l&rsquo;encadrement des loyers en zone tendue et quels sont les effets de ce changement pour les r\u00e9sidents d&rsquo;Aix-les-Bains.<\/p>\n<p><strong>Qu&rsquo;est-ce que signifie l&rsquo;encadrement des loyers en zone tendue ?<\/strong><\/p>\n<p>L&rsquo;encadrement des loyers est une mesure gouvernementale visant \u00e0 r\u00e9guler le montant des loyers que les propri\u00e9taires peuvent exiger pour leurs biens immobiliers. Cette mesure s&rsquo;applique aux logements lou\u00e9s avec un bail d&rsquo;habitation, qu&rsquo;ils soient vides ou meubl\u00e9s. L&rsquo;objectif principal est de contrer la hausse des prix de location dans les zones o\u00f9 la demande de logements exc\u00e8de consid\u00e9rablement l&rsquo;offre.<\/p>\n<p>En zone tendue, comme le sont depuis le 25 ao\u00fbt 2023 La Motte-Servolex, Aix-les-Bains, Chamb\u00e9ry, Mouxy, Pugny-Chatenod, La Ravoire, Saint-Alban-Leysse, Saint-Baldoph, Sonnaz, Tresserve, Tr\u00e9vignin, Viviers-du-Lac, Voglans, Apremont, Barberaz, Barby, Bassens, Bourdeau, Le Bourget-du-Lac, Brison-Saint-Innocent, Challes-les-Eaux, Cognin, Drumettaz-Clarafond, Gr\u00e9sy-sur-Aix, Jacob-Bellecombette, Mery, les r\u00e8gles de l&rsquo;encadrement des loyers sont sp\u00e9cifiques.<\/p>\n<p><strong>Voici ce que cela implique pour les locataires et les propri\u00e9taires :<\/strong><\/p>\n<ol>\n<li><strong>Droit du locataire \u00e0 un pr\u00e9avis r\u00e9duit d&rsquo;un mois<\/strong> : Les locataires auront droit \u00e0 un pr\u00e9avis d&rsquo;un mois qu\u2019il s\u2019agisse d&rsquo;un logement vide ou meubl\u00e9. Cela signifie que les locataires auront une plus grande flexibilit\u00e9 pour r\u00e9silier leur contrat de location en donnant un pr\u00e9avis plus court.<\/li>\n<li><strong>Application de l&rsquo;encadrement des loyers<\/strong> : Les propri\u00e9taires ne pourront plus augmenter le loyer hors charges entre deux locataires. Il sera n\u00e9anmoins possible d\u2019effectuer la r\u00e9vision annuelle de loyer en fonction de l\u2019<a href=\"https:\/\/www.service-public.fr\/particuliers\/vosdroits\/F13723\">Indice de r\u00e9f\u00e9rence des loyers<\/a> (IRL).<\/li>\n<li><strong>La taxe sur les logements vacants (TLV)<\/strong>&nbsp;: Elle sera appliqu\u00e9e sur les appartements non meubl\u00e9s, si le logement est vide depuis plus d\u2019un an (<a href=\"https:\/\/www.legifrance.gouv.fr\/jorf\/id\/JORFTEXT000047998521\">D\u00e9cret n\u00b0 2023-822 du 25 ao\u00fbt 2023 modifiant le d\u00e9cret n\u00b0 2013-392 du 10 mai 2013<\/a>).<\/li>\n<\/ol>\n<p><strong>Comment v\u00e9rifier si votre commune est en zone tendue ?<\/strong><\/p>\n<p>Pour d\u00e9terminer si votre logement se trouve en zone tendue, il existe un simulateur en ligne fourni par le service public. Ce simulateur permet de v\u00e9rifier si votre commune, \u00e0 savoir Aix-les-Bains dans ce cas, est concern\u00e9e par l&rsquo;encadrement des loyers. Cette d\u00e9marche vous aidera \u00e0 mieux comprendre comment ces mesures affecteront votre situation.<\/p>\n<p><a href=\"https:\/\/www.service-public.fr\/simulateur\/calcul\/zones-tendues\">https:\/\/www.service-public.fr\/simulateur\/calcul\/zones-tendues<\/a><\/p>\n<p>En r\u00e9sum\u00e9, que vous soyez locataire ou propri\u00e9taire \u00e0 Aix-les-Bains et les alentours, il est essentiel de vous pr\u00e9parer \u00e0 respecter ces nouvelles r\u00e8gles d&rsquo;encadrement des loyers d\u00e8s maintenant. Assurez-vous de bien comprendre comment elles s&rsquo;appliqueront \u00e0 votre situation sp\u00e9cifique et restez attentif aux \u00e9ventuels changements l\u00e9gislatifs \u00e0 venir, qui pourraient \u00e9galement influencer le march\u00e9 immobilier local.<\/p>\n<\/div>\n<\/div>\n<\/div>\n<\/div>\t\t\t\t\t\t\t\t<\/div>\n\t\t\t\t<\/div>\n\t\t\t\t\t<\/div>\n\t\t<\/div>\n\t\t\t\t\t<\/div>\n\t\t<\/section>\n\t\t\t\t<\/div>\n\t\t","protected":false},"excerpt":{"rendered":"<p>Aix-les-Bains int\u00e8gre la liste des zones tendues : Comment cela impacte le march\u00e9 immobilier ? La crise du logement en France a pouss\u00e9 Aix-les-Bains \u00e0 \u00eatre reclass\u00e9e en tant que zone tendue depuis le 25 ao\u00fbt 2023. Cette reclassification entra\u00eene d&rsquo;importants changements tant pour les locataires que pour les propri\u00e9taires. [&hellip;]<\/p>\n","protected":false},"author":1,"featured_media":0,"parent":0,"menu_order":0,"comment_status":"closed","ping_status":"closed","template":"page-templates\/template-pagebuilder-full-width.php","meta":{"footnotes":""},"class_list":["post-1785","page","type-page","status-publish","hentry"],"yoast_head":"<!-- This site is optimized with the Yoast SEO plugin v27.4 - https:\/\/yoast.com\/product\/yoast-seo-wordpress\/ -->\n<title>Aix-les-Bains int\u00e8gre la liste des zones tendues : Comment cela impacte le march\u00e9 immobilier ? - Maxime Schaffner Immobilier Aix-les-Bains Century 21<\/title>\n<meta name=\"description\" content=\"D\u00e9couvrez comment l&#039;encadrement des loyers a r\u00e9cemment affect\u00e9 le march\u00e9 immobilier \u00e0 Aix-les-Bains. Cet article explore les changements importants pour les locataires et les propri\u00e9taires, ainsi que les r\u00e8gles sp\u00e9cifiques de cette zone tendue depuis le 25 ao\u00fbt 2023. Obtenez des informations claires sur les pr\u00e9avis r\u00e9duits, l&#039;encadrement des loyers et la taxe sur les logements vacants, et assurez-vous de comprendre comment ces mesures peuvent influencer votre situation immobili\u00e8re \u00e0 Aix-les-Bains.\" \/>\n<meta name=\"robots\" content=\"index, follow, max-snippet:-1, max-image-preview:large, max-video-preview:-1\" \/>\n<link rel=\"canonical\" href=\"https:\/\/www.maxime-schaffner-century21.fr\/index.php\/aix-les-bains-integre-la-liste-des-zones-tendues\/\" \/>\n<meta property=\"og:locale\" content=\"fr_FR\" \/>\n<meta property=\"og:type\" content=\"article\" \/>\n<meta property=\"og:title\" content=\"Aix-les-Bains int\u00e8gre la liste des zones tendues : Comment cela impacte le march\u00e9 immobilier ?\" \/>\n<meta property=\"og:description\" content=\"D\u00e9couvrez comment l&#039;encadrement des loyers a r\u00e9cemment affect\u00e9 le march\u00e9 immobilier \u00e0 Aix-les-Bains. Notre article explore les changements importants pour les locataires et les propri\u00e9taires, ainsi que les r\u00e8gles sp\u00e9cifiques de cette zone tendue depuis le 25 ao\u00fbt 2023. Obtenez des informations claires sur les pr\u00e9avis r\u00e9duits, l&#039;encadrement des loyers et la taxe sur les logements vacants, et assurez-vous de comprendre comment ces mesures peuvent influencer votre situation immobili\u00e8re \u00e0 Aix-les-Bains.\" \/>\n<meta property=\"og:url\" content=\"https:\/\/www.maxime-schaffner-century21.fr\/index.php\/aix-les-bains-integre-la-liste-des-zones-tendues\/\" \/>\n<meta property=\"og:site_name\" content=\"Maxime Schaffner Immobilier Aix-les-Bains Century 21\" \/>\n<meta property=\"article:publisher\" content=\"https:\/\/www.facebook.com\/maximeschaffnercentury21\" \/>\n<meta property=\"article:modified_time\" content=\"2023-10-07T17:16:24+00:00\" \/>\n<meta property=\"og:image\" content=\"https:\/\/www.maxime-schaffner-century21.fr\/wp-content\/uploads\/2023\/10\/Aix-les-Bains-integre-la-liste-des-zones-tendues-Comment-cela-impacte-le-marche-immobilier.png\" \/>\n\t<meta property=\"og:image:width\" content=\"940\" \/>\n\t<meta property=\"og:image:height\" content=\"788\" \/>\n\t<meta property=\"og:image:type\" content=\"image\/png\" \/>\n<meta name=\"twitter:card\" content=\"summary_large_image\" \/>\n<meta name=\"twitter:label1\" content=\"Dur\u00e9e de lecture estim\u00e9e\" \/>\n\t<meta name=\"twitter:data1\" content=\"3 minutes\" \/>\n<script type=\"application\/ld+json\" class=\"yoast-schema-graph\">{\"@context\":\"https:\\\/\\\/schema.org\",\"@graph\":[{\"@type\":\"WebPage\",\"@id\":\"https:\\\/\\\/www.maxime-schaffner-century21.fr\\\/index.php\\\/aix-les-bains-integre-la-liste-des-zones-tendues\\\/\",\"url\":\"https:\\\/\\\/www.maxime-schaffner-century21.fr\\\/index.php\\\/aix-les-bains-integre-la-liste-des-zones-tendues\\\/\",\"name\":\"Aix-les-Bains int\u00e8gre la liste des zones tendues : Comment cela impacte le march\u00e9 immobilier ? - Maxime Schaffner Immobilier Aix-les-Bains Century 21\",\"isPartOf\":{\"@id\":\"https:\\\/\\\/www.maxime-schaffner-century21.fr\\\/#website\"},\"primaryImageOfPage\":{\"@id\":\"https:\\\/\\\/www.maxime-schaffner-century21.fr\\\/index.php\\\/aix-les-bains-integre-la-liste-des-zones-tendues\\\/#primaryimage\"},\"image\":{\"@id\":\"https:\\\/\\\/www.maxime-schaffner-century21.fr\\\/index.php\\\/aix-les-bains-integre-la-liste-des-zones-tendues\\\/#primaryimage\"},\"thumbnailUrl\":\"https:\\\/\\\/www.maxime-schaffner-century21.fr\\\/wp-content\\\/uploads\\\/2023\\\/10\\\/Aix-les-Bains-integre-la-liste-des-zones-tendues-Comment-cela-impacte-le-marche-immobilier.png\",\"datePublished\":\"2023-10-07T16:59:53+00:00\",\"dateModified\":\"2023-10-07T17:16:24+00:00\",\"description\":\"D\u00e9couvrez comment l'encadrement des loyers a r\u00e9cemment affect\u00e9 le march\u00e9 immobilier \u00e0 Aix-les-Bains. Cet article explore les changements importants pour les locataires et les propri\u00e9taires, ainsi que les r\u00e8gles sp\u00e9cifiques de cette zone tendue depuis le 25 ao\u00fbt 2023. Obtenez des informations claires sur les pr\u00e9avis r\u00e9duits, l'encadrement des loyers et la taxe sur les logements vacants, et assurez-vous de comprendre comment ces mesures peuvent influencer votre situation immobili\u00e8re \u00e0 Aix-les-Bains.\",\"breadcrumb\":{\"@id\":\"https:\\\/\\\/www.maxime-schaffner-century21.fr\\\/index.php\\\/aix-les-bains-integre-la-liste-des-zones-tendues\\\/#breadcrumb\"},\"inLanguage\":\"fr-FR\",\"potentialAction\":[{\"@type\":\"ReadAction\",\"target\":[\"https:\\\/\\\/www.maxime-schaffner-century21.fr\\\/index.php\\\/aix-les-bains-integre-la-liste-des-zones-tendues\\\/\"]}]},{\"@type\":\"ImageObject\",\"inLanguage\":\"fr-FR\",\"@id\":\"https:\\\/\\\/www.maxime-schaffner-century21.fr\\\/index.php\\\/aix-les-bains-integre-la-liste-des-zones-tendues\\\/#primaryimage\",\"url\":\"https:\\\/\\\/www.maxime-schaffner-century21.fr\\\/wp-content\\\/uploads\\\/2023\\\/10\\\/Aix-les-Bains-integre-la-liste-des-zones-tendues-Comment-cela-impacte-le-marche-immobilier.png\",\"contentUrl\":\"https:\\\/\\\/www.maxime-schaffner-century21.fr\\\/wp-content\\\/uploads\\\/2023\\\/10\\\/Aix-les-Bains-integre-la-liste-des-zones-tendues-Comment-cela-impacte-le-marche-immobilier.png\",\"width\":940,\"height\":788,\"caption\":\"Aix-les-Bains int\u00e8gre la liste des zones tendues : Comment cela impacte le march\u00e9 immobilier ?\"},{\"@type\":\"BreadcrumbList\",\"@id\":\"https:\\\/\\\/www.maxime-schaffner-century21.fr\\\/index.php\\\/aix-les-bains-integre-la-liste-des-zones-tendues\\\/#breadcrumb\",\"itemListElement\":[{\"@type\":\"ListItem\",\"position\":1,\"name\":\"Accueil\",\"item\":\"https:\\\/\\\/www.maxime-schaffner-century21.fr\\\/\"},{\"@type\":\"ListItem\",\"position\":2,\"name\":\"Aix-les-Bains int\u00e8gre la liste des zones tendues : Comment cela impacte le march\u00e9 immobilier ?\"}]},{\"@type\":\"WebSite\",\"@id\":\"https:\\\/\\\/www.maxime-schaffner-century21.fr\\\/#website\",\"url\":\"https:\\\/\\\/www.maxime-schaffner-century21.fr\\\/\",\"name\":\"Maxime Schaffner Immobilier Aix-les-Bains Century 21\",\"description\":\"\",\"publisher\":{\"@id\":\"https:\\\/\\\/www.maxime-schaffner-century21.fr\\\/#organization\"},\"alternateName\":\"Immobilier Aix-les-Bains Maxime Schaffner\",\"potentialAction\":[{\"@type\":\"SearchAction\",\"target\":{\"@type\":\"EntryPoint\",\"urlTemplate\":\"https:\\\/\\\/www.maxime-schaffner-century21.fr\\\/?s={search_term_string}\"},\"query-input\":{\"@type\":\"PropertyValueSpecification\",\"valueRequired\":true,\"valueName\":\"search_term_string\"}}],\"inLanguage\":\"fr-FR\"},{\"@type\":\"Organization\",\"@id\":\"https:\\\/\\\/www.maxime-schaffner-century21.fr\\\/#organization\",\"name\":\"Maxime Schaffner Immobilier Aix-les-Bains Century 21\",\"url\":\"https:\\\/\\\/www.maxime-schaffner-century21.fr\\\/\",\"logo\":{\"@type\":\"ImageObject\",\"inLanguage\":\"fr-FR\",\"@id\":\"https:\\\/\\\/www.maxime-schaffner-century21.fr\\\/#\\\/schema\\\/logo\\\/image\\\/\",\"url\":\"https:\\\/\\\/www.maxime-schaffner-century21.fr\\\/wp-content\\\/uploads\\\/2024\\\/02\\\/cropped-basicblack.png\",\"contentUrl\":\"https:\\\/\\\/www.maxime-schaffner-century21.fr\\\/wp-content\\\/uploads\\\/2024\\\/02\\\/cropped-basicblack.png\",\"width\":1489,\"height\":829,\"caption\":\"Maxime Schaffner Immobilier Aix-les-Bains Century 21\"},\"image\":{\"@id\":\"https:\\\/\\\/www.maxime-schaffner-century21.fr\\\/#\\\/schema\\\/logo\\\/image\\\/\"},\"sameAs\":[\"https:\\\/\\\/www.facebook.com\\\/maximeschaffnercentury21\",\"https:\\\/\\\/www.instagram.com\\\/maxime_schaffner_century21\\\/\"]}]}<\/script>\n<!-- \/ Yoast SEO plugin. -->","yoast_head_json":{"title":"Aix-les-Bains int\u00e8gre la liste des zones tendues : Comment cela impacte le march\u00e9 immobilier ? - Maxime Schaffner Immobilier Aix-les-Bains Century 21","description":"D\u00e9couvrez comment l'encadrement des loyers a r\u00e9cemment affect\u00e9 le march\u00e9 immobilier \u00e0 Aix-les-Bains. Cet article explore les changements importants pour les locataires et les propri\u00e9taires, ainsi que les r\u00e8gles sp\u00e9cifiques de cette zone tendue depuis le 25 ao\u00fbt 2023. Obtenez des informations claires sur les pr\u00e9avis r\u00e9duits, l'encadrement des loyers et la taxe sur les logements vacants, et assurez-vous de comprendre comment ces mesures peuvent influencer votre situation immobili\u00e8re \u00e0 Aix-les-Bains.","robots":{"index":"index","follow":"follow","max-snippet":"max-snippet:-1","max-image-preview":"max-image-preview:large","max-video-preview":"max-video-preview:-1"},"canonical":"https:\/\/www.maxime-schaffner-century21.fr\/index.php\/aix-les-bains-integre-la-liste-des-zones-tendues\/","og_locale":"fr_FR","og_type":"article","og_title":"Aix-les-Bains int\u00e8gre la liste des zones tendues : Comment cela impacte le march\u00e9 immobilier ?","og_description":"D\u00e9couvrez comment l'encadrement des loyers a r\u00e9cemment affect\u00e9 le march\u00e9 immobilier \u00e0 Aix-les-Bains. Notre article explore les changements importants pour les locataires et les propri\u00e9taires, ainsi que les r\u00e8gles sp\u00e9cifiques de cette zone tendue depuis le 25 ao\u00fbt 2023. Obtenez des informations claires sur les pr\u00e9avis r\u00e9duits, l'encadrement des loyers et la taxe sur les logements vacants, et assurez-vous de comprendre comment ces mesures peuvent influencer votre situation immobili\u00e8re \u00e0 Aix-les-Bains.","og_url":"https:\/\/www.maxime-schaffner-century21.fr\/index.php\/aix-les-bains-integre-la-liste-des-zones-tendues\/","og_site_name":"Maxime Schaffner Immobilier Aix-les-Bains Century 21","article_publisher":"https:\/\/www.facebook.com\/maximeschaffnercentury21","article_modified_time":"2023-10-07T17:16:24+00:00","og_image":[{"width":940,"height":788,"url":"https:\/\/www.maxime-schaffner-century21.fr\/wp-content\/uploads\/2023\/10\/Aix-les-Bains-integre-la-liste-des-zones-tendues-Comment-cela-impacte-le-marche-immobilier.png","type":"image\/png"}],"twitter_card":"summary_large_image","twitter_misc":{"Dur\u00e9e de lecture estim\u00e9e":"3 minutes"},"schema":{"@context":"https:\/\/schema.org","@graph":[{"@type":"WebPage","@id":"https:\/\/www.maxime-schaffner-century21.fr\/index.php\/aix-les-bains-integre-la-liste-des-zones-tendues\/","url":"https:\/\/www.maxime-schaffner-century21.fr\/index.php\/aix-les-bains-integre-la-liste-des-zones-tendues\/","name":"Aix-les-Bains int\u00e8gre la liste des zones tendues : Comment cela impacte le march\u00e9 immobilier ? - Maxime Schaffner Immobilier Aix-les-Bains Century 21","isPartOf":{"@id":"https:\/\/www.maxime-schaffner-century21.fr\/#website"},"primaryImageOfPage":{"@id":"https:\/\/www.maxime-schaffner-century21.fr\/index.php\/aix-les-bains-integre-la-liste-des-zones-tendues\/#primaryimage"},"image":{"@id":"https:\/\/www.maxime-schaffner-century21.fr\/index.php\/aix-les-bains-integre-la-liste-des-zones-tendues\/#primaryimage"},"thumbnailUrl":"https:\/\/www.maxime-schaffner-century21.fr\/wp-content\/uploads\/2023\/10\/Aix-les-Bains-integre-la-liste-des-zones-tendues-Comment-cela-impacte-le-marche-immobilier.png","datePublished":"2023-10-07T16:59:53+00:00","dateModified":"2023-10-07T17:16:24+00:00","description":"D\u00e9couvrez comment l'encadrement des loyers a r\u00e9cemment affect\u00e9 le march\u00e9 immobilier \u00e0 Aix-les-Bains. Cet article explore les changements importants pour les locataires et les propri\u00e9taires, ainsi que les r\u00e8gles sp\u00e9cifiques de cette zone tendue depuis le 25 ao\u00fbt 2023. Obtenez des informations claires sur les pr\u00e9avis r\u00e9duits, l'encadrement des loyers et la taxe sur les logements vacants, et assurez-vous de comprendre comment ces mesures peuvent influencer votre situation immobili\u00e8re \u00e0 Aix-les-Bains.","breadcrumb":{"@id":"https:\/\/www.maxime-schaffner-century21.fr\/index.php\/aix-les-bains-integre-la-liste-des-zones-tendues\/#breadcrumb"},"inLanguage":"fr-FR","potentialAction":[{"@type":"ReadAction","target":["https:\/\/www.maxime-schaffner-century21.fr\/index.php\/aix-les-bains-integre-la-liste-des-zones-tendues\/"]}]},{"@type":"ImageObject","inLanguage":"fr-FR","@id":"https:\/\/www.maxime-schaffner-century21.fr\/index.php\/aix-les-bains-integre-la-liste-des-zones-tendues\/#primaryimage","url":"https:\/\/www.maxime-schaffner-century21.fr\/wp-content\/uploads\/2023\/10\/Aix-les-Bains-integre-la-liste-des-zones-tendues-Comment-cela-impacte-le-marche-immobilier.png","contentUrl":"https:\/\/www.maxime-schaffner-century21.fr\/wp-content\/uploads\/2023\/10\/Aix-les-Bains-integre-la-liste-des-zones-tendues-Comment-cela-impacte-le-marche-immobilier.png","width":940,"height":788,"caption":"Aix-les-Bains int\u00e8gre la liste des zones tendues : Comment cela impacte le march\u00e9 immobilier ?"},{"@type":"BreadcrumbList","@id":"https:\/\/www.maxime-schaffner-century21.fr\/index.php\/aix-les-bains-integre-la-liste-des-zones-tendues\/#breadcrumb","itemListElement":[{"@type":"ListItem","position":1,"name":"Accueil","item":"https:\/\/www.maxime-schaffner-century21.fr\/"},{"@type":"ListItem","position":2,"name":"Aix-les-Bains int\u00e8gre la liste des zones tendues : Comment cela impacte le march\u00e9 immobilier ?"}]},{"@type":"WebSite","@id":"https:\/\/www.maxime-schaffner-century21.fr\/#website","url":"https:\/\/www.maxime-schaffner-century21.fr\/","name":"Maxime Schaffner Immobilier Aix-les-Bains Century 21","description":"","publisher":{"@id":"https:\/\/www.maxime-schaffner-century21.fr\/#organization"},"alternateName":"Immobilier Aix-les-Bains Maxime Schaffner","potentialAction":[{"@type":"SearchAction","target":{"@type":"EntryPoint","urlTemplate":"https:\/\/www.maxime-schaffner-century21.fr\/?s={search_term_string}"},"query-input":{"@type":"PropertyValueSpecification","valueRequired":true,"valueName":"search_term_string"}}],"inLanguage":"fr-FR"},{"@type":"Organization","@id":"https:\/\/www.maxime-schaffner-century21.fr\/#organization","name":"Maxime Schaffner Immobilier Aix-les-Bains Century 21","url":"https:\/\/www.maxime-schaffner-century21.fr\/","logo":{"@type":"ImageObject","inLanguage":"fr-FR","@id":"https:\/\/www.maxime-schaffner-century21.fr\/#\/schema\/logo\/image\/","url":"https:\/\/www.maxime-schaffner-century21.fr\/wp-content\/uploads\/2024\/02\/cropped-basicblack.png","contentUrl":"https:\/\/www.maxime-schaffner-century21.fr\/wp-content\/uploads\/2024\/02\/cropped-basicblack.png","width":1489,"height":829,"caption":"Maxime Schaffner Immobilier Aix-les-Bains Century 21"},"image":{"@id":"https:\/\/www.maxime-schaffner-century21.fr\/#\/schema\/logo\/image\/"},"sameAs":["https:\/\/www.facebook.com\/maximeschaffnercentury21","https:\/\/www.instagram.com\/maxime_schaffner_century21\/"]}]}},"_links":{"self":[{"href":"https:\/\/www.maxime-schaffner-century21.fr\/index.php\/wp-json\/wp\/v2\/pages\/1785","targetHints":{"allow":["GET"]}}],"collection":[{"href":"https:\/\/www.maxime-schaffner-century21.fr\/index.php\/wp-json\/wp\/v2\/pages"}],"about":[{"href":"https:\/\/www.maxime-schaffner-century21.fr\/index.php\/wp-json\/wp\/v2\/types\/page"}],"author":[{"embeddable":true,"href":"https:\/\/www.maxime-schaffner-century21.fr\/index.php\/wp-json\/wp\/v2\/users\/1"}],"replies":[{"embeddable":true,"href":"https:\/\/www.maxime-schaffner-century21.fr\/index.php\/wp-json\/wp\/v2\/comments?post=1785"}],"version-history":[{"count":5,"href":"https:\/\/www.maxime-schaffner-century21.fr\/index.php\/wp-json\/wp\/v2\/pages\/1785\/revisions"}],"predecessor-version":[{"id":1792,"href":"https:\/\/www.maxime-schaffner-century21.fr\/index.php\/wp-json\/wp\/v2\/pages\/1785\/revisions\/1792"}],"wp:attachment":[{"href":"https:\/\/www.maxime-schaffner-century21.fr\/index.php\/wp-json\/wp\/v2\/media?parent=1785"}],"curies":[{"name":"wp","href":"https:\/\/api.w.org\/{rel}","templated":true}]}}