{"id":1642,"date":"2023-04-23T19:04:34","date_gmt":"2023-04-23T17:04:34","guid":{"rendered":"https:\/\/www.maxime-schaffner-century21.fr\/?page_id=1642"},"modified":"2023-10-07T19:19:17","modified_gmt":"2023-10-07T17:19:17","slug":"actualites-aix-les-bains-decouvrir-aix-les-bains-histoire-aix-les-bains-patrimoine-aix-les-bains-tourisme-aix-les-bains-evenements-aix-les-bains-sport-aix-les-bains-vie","status":"publish","type":"page","link":"https:\/\/www.maxime-schaffner-century21.fr\/index.php\/actualites-aix-les-bains-decouvrir-aix-les-bains-histoire-aix-les-bains-patrimoine-aix-les-bains-tourisme-aix-les-bains-evenements-aix-les-bains-sport-aix-les-bains-vie\/","title":{"rendered":"Tout sur AIX-LES-BAINS"},"content":{"rendered":"\t\t<div data-elementor-type=\"wp-page\" data-elementor-id=\"1642\" class=\"elementor elementor-1642\">\n\t\t\t\t\t\t<section class=\"elementor-section elementor-top-section elementor-element elementor-element-19b34a6 elementor-section-boxed elementor-section-height-default elementor-section-height-default\" data-id=\"19b34a6\" data-element_type=\"section\" data-e-type=\"section\">\n\t\t\t\t\t\t<div class=\"elementor-container elementor-column-gap-default\">\n\t\t\t\t\t<div class=\"elementor-column elementor-col-100 elementor-top-column elementor-element elementor-element-4e83daf\" data-id=\"4e83daf\" data-element_type=\"column\" data-e-type=\"column\">\n\t\t\t<div class=\"elementor-widget-wrap\">\n\t\t\t\t\t\t\t<\/div>\n\t\t<\/div>\n\t\t\t\t\t<\/div>\n\t\t<\/section>\n\t\t\t\t<section class=\"elementor-section elementor-top-section elementor-element elementor-element-e1b275a elementor-section-boxed elementor-section-height-default elementor-section-height-default\" data-id=\"e1b275a\" data-element_type=\"section\" data-e-type=\"section\">\n\t\t\t\t\t\t<div class=\"elementor-container elementor-column-gap-default\">\n\t\t\t\t\t<div class=\"elementor-column elementor-col-100 elementor-top-column elementor-element elementor-element-3854830\" data-id=\"3854830\" data-element_type=\"column\" data-e-type=\"column\">\n\t\t\t<div class=\"elementor-widget-wrap elementor-element-populated\">\n\t\t\t\t\t\t<div class=\"elementor-element elementor-element-2dfa726 elementor-widget elementor-widget-image\" data-id=\"2dfa726\" data-element_type=\"widget\" data-e-type=\"widget\" data-widget_type=\"image.default\">\n\t\t\t\t<div class=\"elementor-widget-container\">\n\t\t\t\t\t\t\t\t\t\t\t\t\t\t\t<img fetchpriority=\"high\" decoding=\"async\" width=\"750\" height=\"629\" src=\"https:\/\/www.maxime-schaffner-century21.fr\/wp-content\/uploads\/2023\/04\/Tout-sur-Aix-les-Bains-2.png\" class=\"attachment-large size-large wp-image-1658\" alt=\"\" srcset=\"https:\/\/www.maxime-schaffner-century21.fr\/wp-content\/uploads\/2023\/04\/Tout-sur-Aix-les-Bains-2.png 940w, https:\/\/www.maxime-schaffner-century21.fr\/wp-content\/uploads\/2023\/04\/Tout-sur-Aix-les-Bains-2-300x251.png 300w, https:\/\/www.maxime-schaffner-century21.fr\/wp-content\/uploads\/2023\/04\/Tout-sur-Aix-les-Bains-2-768x644.png 768w\" sizes=\"(max-width: 750px) 100vw, 750px\" \/>\t\t\t\t\t\t\t\t\t\t\t\t\t\t\t<\/div>\n\t\t\t\t<\/div>\n\t\t\t\t\t<\/div>\n\t\t<\/div>\n\t\t\t\t\t<\/div>\n\t\t<\/section>\n\t\t\t\t<section class=\"elementor-section elementor-top-section elementor-element elementor-element-9cf9b93 elementor-section-boxed elementor-section-height-default elementor-section-height-default\" data-id=\"9cf9b93\" data-element_type=\"section\" data-e-type=\"section\">\n\t\t\t\t\t\t<div class=\"elementor-container elementor-column-gap-default\">\n\t\t\t\t\t<div class=\"elementor-column elementor-col-50 elementor-top-column elementor-element elementor-element-84174db\" data-id=\"84174db\" data-element_type=\"column\" data-e-type=\"column\">\n\t\t\t<div class=\"elementor-widget-wrap elementor-element-populated\">\n\t\t\t\t\t\t<div class=\"elementor-element elementor-element-a94e159 elementor-widget elementor-widget-image\" data-id=\"a94e159\" data-element_type=\"widget\" data-e-type=\"widget\" data-widget_type=\"image.default\">\n\t\t\t\t<div class=\"elementor-widget-container\">\n\t\t\t\t\t\t\t\t\t\t\t\t<figure class=\"wp-caption\">\n\t\t\t\t\t\t\t\t\t\t\t<a href=\"https:\/\/www.maxime-schaffner-century21.fr\/index.php\/aix-les-bains-gestion-financiere-responsable-2023-impots-locaux-stables-aix-les-bains-2023-endettement-en-baisse-aix-les-bains-2023-recettes-fonctionnement-augmentation-aix-les-bains-2023-depenses\/\">\n\t\t\t\t\t\t\t<img decoding=\"async\" width=\"750\" height=\"629\" src=\"https:\/\/www.maxime-schaffner-century21.fr\/wp-content\/uploads\/2023\/04\/Budget-2023-Aix-les-Bains.png\" class=\"attachment-large size-large wp-image-1629\" alt=\"R\u00e9sum\u00e9 de La Lettre de la municipalit\u00e9 d&#039;Aix-les-Bains d&#039;avril 2023\" srcset=\"https:\/\/www.maxime-schaffner-century21.fr\/wp-content\/uploads\/2023\/04\/Budget-2023-Aix-les-Bains.png 940w, https:\/\/www.maxime-schaffner-century21.fr\/wp-content\/uploads\/2023\/04\/Budget-2023-Aix-les-Bains-300x251.png 300w, https:\/\/www.maxime-schaffner-century21.fr\/wp-content\/uploads\/2023\/04\/Budget-2023-Aix-les-Bains-768x644.png 768w\" sizes=\"(max-width: 750px) 100vw, 750px\" \/>\t\t\t\t\t\t\t\t<\/a>\n\t\t\t\t\t\t\t\t\t\t\t<figcaption class=\"widget-image-caption wp-caption-text\">R\u00e9sum\u00e9 de La Lettre n\u00b064 d'Aix-les-Bains<\/figcaption>\n\t\t\t\t\t\t\t\t\t\t<\/figure>\n\t\t\t\t\t\t\t\t\t<\/div>\n\t\t\t\t<\/div>\n\t\t\t\t\t<\/div>\n\t\t<\/div>\n\t\t\t\t<div class=\"elementor-column elementor-col-50 elementor-top-column elementor-element elementor-element-d6f10e6\" data-id=\"d6f10e6\" data-element_type=\"column\" data-e-type=\"column\">\n\t\t\t<div class=\"elementor-widget-wrap elementor-element-populated\">\n\t\t\t\t\t\t<div class=\"elementor-element elementor-element-ff34c73 elementor-widget elementor-widget-image\" data-id=\"ff34c73\" data-element_type=\"widget\" data-e-type=\"widget\" data-widget_type=\"image.default\">\n\t\t\t\t<div class=\"elementor-widget-container\">\n\t\t\t\t\t\t\t\t\t\t\t\t<figure class=\"wp-caption\">\n\t\t\t\t\t\t\t\t\t\t\t<a href=\"https:\/\/www.maxime-schaffner-century21.fr\/index.php\/aix-les-bains-integre-la-liste-des-zones-tendues\/\">\n\t\t\t\t\t\t\t<img decoding=\"async\" width=\"750\" height=\"629\" src=\"https:\/\/www.maxime-schaffner-century21.fr\/wp-content\/uploads\/2023\/10\/Aix-les-Bains-integre-la-liste-des-zones-tendues-Comment-cela-impacte-le-marche-immobilier.png\" class=\"attachment-large size-large wp-image-1786\" alt=\"\" srcset=\"https:\/\/www.maxime-schaffner-century21.fr\/wp-content\/uploads\/2023\/10\/Aix-les-Bains-integre-la-liste-des-zones-tendues-Comment-cela-impacte-le-marche-immobilier.png 940w, https:\/\/www.maxime-schaffner-century21.fr\/wp-content\/uploads\/2023\/10\/Aix-les-Bains-integre-la-liste-des-zones-tendues-Comment-cela-impacte-le-marche-immobilier-300x251.png 300w, https:\/\/www.maxime-schaffner-century21.fr\/wp-content\/uploads\/2023\/10\/Aix-les-Bains-integre-la-liste-des-zones-tendues-Comment-cela-impacte-le-marche-immobilier-768x644.png 768w\" sizes=\"(max-width: 750px) 100vw, 750px\" \/>\t\t\t\t\t\t\t\t<\/a>\n\t\t\t\t\t\t\t\t\t\t\t<figcaption class=\"widget-image-caption wp-caption-text\">Aix-les-Bains int\u00e8gre la liste des zones tendues : Comment cela impacte le march\u00e9 immobilier ?<\/figcaption>\n\t\t\t\t\t\t\t\t\t\t<\/figure>\n\t\t\t\t\t\t\t\t\t<\/div>\n\t\t\t\t<\/div>\n\t\t\t\t\t<\/div>\n\t\t<\/div>\n\t\t\t\t\t<\/div>\n\t\t<\/section>\n\t\t\t\t<\/div>\n\t\t","protected":false},"excerpt":{"rendered":"<p>R\u00e9sum\u00e9 de La Lettre n\u00b064 d&rsquo;Aix-les-Bains Aix-les-Bains int\u00e8gre la liste des zones tendues : Comment cela impacte le march\u00e9 immobilier ?<\/p>\n","protected":false},"author":1,"featured_media":0,"parent":0,"menu_order":0,"comment_status":"closed","ping_status":"closed","template":"page-templates\/template-pagebuilder-full-width.php","meta":{"footnotes":""},"class_list":["post-1642","page","type-page","status-publish","hentry"],"yoast_head":"<!-- This site is optimized with the Yoast SEO plugin v27.3 - https:\/\/yoast.com\/product\/yoast-seo-wordpress\/ -->\n<title>Tout sur AIX-LES-BAINS<\/title>\n<meta name=\"description\" content=\"D\u00e9couvrez toute l&#039;actualit\u00e9, les informations et l&#039;histoire de la ville d&#039;Aix-les-Bains. Plongez dans les \u00e9v\u00e9nements marquants, les lieux embl\u00e9matiques, les anecdotes historiques et les actualit\u00e9s r\u00e9centes de cette ville de Savoie. Restez inform\u00e9 sur les projets \u00e0 venir, les festivals, les manifestations culturelles et sportives qui font vibrer la cit\u00e9 thermale.\" \/>\n<meta name=\"robots\" content=\"index, follow, max-snippet:-1, max-image-preview:large, max-video-preview:-1\" \/>\n<link rel=\"canonical\" href=\"https:\/\/www.maxime-schaffner-century21.fr\/index.php\/actualites-aix-les-bains-decouvrir-aix-les-bains-histoire-aix-les-bains-patrimoine-aix-les-bains-tourisme-aix-les-bains-evenements-aix-les-bains-sport-aix-les-bains-vie\/\" \/>\n<meta property=\"og:locale\" content=\"fr_FR\" \/>\n<meta property=\"og:type\" content=\"article\" \/>\n<meta property=\"og:title\" content=\"Tout sur AIX-LES-BAINS\" \/>\n<meta property=\"og:description\" content=\"D\u00e9couvrez toute l&#039;actualit\u00e9, les informations et l&#039;histoire de la ville d&#039;Aix-les-Bains. Plongez dans les \u00e9v\u00e9nements marquants, les lieux embl\u00e9matiques, les anecdotes historiques et les actualit\u00e9s r\u00e9centes de cette ville de Savoie. Restez inform\u00e9 sur les projets \u00e0 venir, les festivals, les manifestations culturelles et sportives qui font vibrer la cit\u00e9 thermale.\" \/>\n<meta property=\"og:url\" content=\"https:\/\/www.maxime-schaffner-century21.fr\/index.php\/actualites-aix-les-bains-decouvrir-aix-les-bains-histoire-aix-les-bains-patrimoine-aix-les-bains-tourisme-aix-les-bains-evenements-aix-les-bains-sport-aix-les-bains-vie\/\" \/>\n<meta property=\"og:site_name\" content=\"Maxime Schaffner Immobilier Aix-les-Bains Century 21\" \/>\n<meta property=\"article:publisher\" content=\"https:\/\/www.facebook.com\/maximeschaffnercentury21\" \/>\n<meta property=\"article:modified_time\" content=\"2023-10-07T17:19:17+00:00\" \/>\n<meta property=\"og:image\" content=\"https:\/\/www.maxime-schaffner-century21.fr\/wp-content\/uploads\/2023\/01\/Blog-Maxime-Schaffner-conseils-pour-vendre.png\" \/>\n\t<meta property=\"og:image:width\" content=\"820\" \/>\n\t<meta property=\"og:image:height\" content=\"312\" \/>\n\t<meta property=\"og:image:type\" content=\"image\/png\" \/>\n<meta name=\"twitter:card\" content=\"summary_large_image\" \/>\n<meta name=\"twitter:label1\" content=\"Dur\u00e9e de lecture estim\u00e9e\" \/>\n\t<meta name=\"twitter:data1\" content=\"1 minute\" \/>\n<script type=\"application\/ld+json\" class=\"yoast-schema-graph\">{\"@context\":\"https:\\\/\\\/schema.org\",\"@graph\":[{\"@type\":\"WebPage\",\"@id\":\"https:\\\/\\\/www.maxime-schaffner-century21.fr\\\/index.php\\\/actualites-aix-les-bains-decouvrir-aix-les-bains-histoire-aix-les-bains-patrimoine-aix-les-bains-tourisme-aix-les-bains-evenements-aix-les-bains-sport-aix-les-bains-vie\\\/\",\"url\":\"https:\\\/\\\/www.maxime-schaffner-century21.fr\\\/index.php\\\/actualites-aix-les-bains-decouvrir-aix-les-bains-histoire-aix-les-bains-patrimoine-aix-les-bains-tourisme-aix-les-bains-evenements-aix-les-bains-sport-aix-les-bains-vie\\\/\",\"name\":\"Tout sur AIX-LES-BAINS\",\"isPartOf\":{\"@id\":\"https:\\\/\\\/www.maxime-schaffner-century21.fr\\\/#website\"},\"primaryImageOfPage\":{\"@id\":\"https:\\\/\\\/www.maxime-schaffner-century21.fr\\\/index.php\\\/actualites-aix-les-bains-decouvrir-aix-les-bains-histoire-aix-les-bains-patrimoine-aix-les-bains-tourisme-aix-les-bains-evenements-aix-les-bains-sport-aix-les-bains-vie\\\/#primaryimage\"},\"image\":{\"@id\":\"https:\\\/\\\/www.maxime-schaffner-century21.fr\\\/index.php\\\/actualites-aix-les-bains-decouvrir-aix-les-bains-histoire-aix-les-bains-patrimoine-aix-les-bains-tourisme-aix-les-bains-evenements-aix-les-bains-sport-aix-les-bains-vie\\\/#primaryimage\"},\"thumbnailUrl\":\"https:\\\/\\\/www.maxime-schaffner-century21.fr\\\/wp-content\\\/uploads\\\/2023\\\/04\\\/Tout-sur-Aix-les-Bains-2.png\",\"datePublished\":\"2023-04-23T17:04:34+00:00\",\"dateModified\":\"2023-10-07T17:19:17+00:00\",\"description\":\"D\u00e9couvrez toute l'actualit\u00e9, les informations et l'histoire de la ville d'Aix-les-Bains. Plongez dans les \u00e9v\u00e9nements marquants, les lieux embl\u00e9matiques, les anecdotes historiques et les actualit\u00e9s r\u00e9centes de cette ville de Savoie. Restez inform\u00e9 sur les projets \u00e0 venir, les festivals, les manifestations culturelles et sportives qui font vibrer la cit\u00e9 thermale.\",\"breadcrumb\":{\"@id\":\"https:\\\/\\\/www.maxime-schaffner-century21.fr\\\/index.php\\\/actualites-aix-les-bains-decouvrir-aix-les-bains-histoire-aix-les-bains-patrimoine-aix-les-bains-tourisme-aix-les-bains-evenements-aix-les-bains-sport-aix-les-bains-vie\\\/#breadcrumb\"},\"inLanguage\":\"fr-FR\",\"potentialAction\":[{\"@type\":\"ReadAction\",\"target\":[\"https:\\\/\\\/www.maxime-schaffner-century21.fr\\\/index.php\\\/actualites-aix-les-bains-decouvrir-aix-les-bains-histoire-aix-les-bains-patrimoine-aix-les-bains-tourisme-aix-les-bains-evenements-aix-les-bains-sport-aix-les-bains-vie\\\/\"]}]},{\"@type\":\"ImageObject\",\"inLanguage\":\"fr-FR\",\"@id\":\"https:\\\/\\\/www.maxime-schaffner-century21.fr\\\/index.php\\\/actualites-aix-les-bains-decouvrir-aix-les-bains-histoire-aix-les-bains-patrimoine-aix-les-bains-tourisme-aix-les-bains-evenements-aix-les-bains-sport-aix-les-bains-vie\\\/#primaryimage\",\"url\":\"https:\\\/\\\/www.maxime-schaffner-century21.fr\\\/wp-content\\\/uploads\\\/2023\\\/04\\\/Tout-sur-Aix-les-Bains-2.png\",\"contentUrl\":\"https:\\\/\\\/www.maxime-schaffner-century21.fr\\\/wp-content\\\/uploads\\\/2023\\\/04\\\/Tout-sur-Aix-les-Bains-2.png\",\"width\":940,\"height\":788},{\"@type\":\"BreadcrumbList\",\"@id\":\"https:\\\/\\\/www.maxime-schaffner-century21.fr\\\/index.php\\\/actualites-aix-les-bains-decouvrir-aix-les-bains-histoire-aix-les-bains-patrimoine-aix-les-bains-tourisme-aix-les-bains-evenements-aix-les-bains-sport-aix-les-bains-vie\\\/#breadcrumb\",\"itemListElement\":[{\"@type\":\"ListItem\",\"position\":1,\"name\":\"Accueil\",\"item\":\"https:\\\/\\\/www.maxime-schaffner-century21.fr\\\/\"},{\"@type\":\"ListItem\",\"position\":2,\"name\":\"Tout sur AIX-LES-BAINS\"}]},{\"@type\":\"WebSite\",\"@id\":\"https:\\\/\\\/www.maxime-schaffner-century21.fr\\\/#website\",\"url\":\"https:\\\/\\\/www.maxime-schaffner-century21.fr\\\/\",\"name\":\"Maxime Schaffner Immobilier Aix-les-Bains Century 21\",\"description\":\"\",\"publisher\":{\"@id\":\"https:\\\/\\\/www.maxime-schaffner-century21.fr\\\/#organization\"},\"alternateName\":\"Immobilier Aix-les-Bains Maxime Schaffner\",\"potentialAction\":[{\"@type\":\"SearchAction\",\"target\":{\"@type\":\"EntryPoint\",\"urlTemplate\":\"https:\\\/\\\/www.maxime-schaffner-century21.fr\\\/?s={search_term_string}\"},\"query-input\":{\"@type\":\"PropertyValueSpecification\",\"valueRequired\":true,\"valueName\":\"search_term_string\"}}],\"inLanguage\":\"fr-FR\"},{\"@type\":\"Organization\",\"@id\":\"https:\\\/\\\/www.maxime-schaffner-century21.fr\\\/#organization\",\"name\":\"Maxime Schaffner Immobilier Aix-les-Bains Century 21\",\"url\":\"https:\\\/\\\/www.maxime-schaffner-century21.fr\\\/\",\"logo\":{\"@type\":\"ImageObject\",\"inLanguage\":\"fr-FR\",\"@id\":\"https:\\\/\\\/www.maxime-schaffner-century21.fr\\\/#\\\/schema\\\/logo\\\/image\\\/\",\"url\":\"https:\\\/\\\/www.maxime-schaffner-century21.fr\\\/wp-content\\\/uploads\\\/2024\\\/02\\\/cropped-basicblack.png\",\"contentUrl\":\"https:\\\/\\\/www.maxime-schaffner-century21.fr\\\/wp-content\\\/uploads\\\/2024\\\/02\\\/cropped-basicblack.png\",\"width\":1489,\"height\":829,\"caption\":\"Maxime Schaffner Immobilier Aix-les-Bains Century 21\"},\"image\":{\"@id\":\"https:\\\/\\\/www.maxime-schaffner-century21.fr\\\/#\\\/schema\\\/logo\\\/image\\\/\"},\"sameAs\":[\"https:\\\/\\\/www.facebook.com\\\/maximeschaffnercentury21\",\"https:\\\/\\\/www.instagram.com\\\/maxime_schaffner_century21\\\/\"]}]}<\/script>\n<!-- \/ Yoast SEO plugin. -->","yoast_head_json":{"title":"Tout sur AIX-LES-BAINS","description":"D\u00e9couvrez toute l'actualit\u00e9, les informations et l'histoire de la ville d'Aix-les-Bains. Plongez dans les \u00e9v\u00e9nements marquants, les lieux embl\u00e9matiques, les anecdotes historiques et les actualit\u00e9s r\u00e9centes de cette ville de Savoie. Restez inform\u00e9 sur les projets \u00e0 venir, les festivals, les manifestations culturelles et sportives qui font vibrer la cit\u00e9 thermale.","robots":{"index":"index","follow":"follow","max-snippet":"max-snippet:-1","max-image-preview":"max-image-preview:large","max-video-preview":"max-video-preview:-1"},"canonical":"https:\/\/www.maxime-schaffner-century21.fr\/index.php\/actualites-aix-les-bains-decouvrir-aix-les-bains-histoire-aix-les-bains-patrimoine-aix-les-bains-tourisme-aix-les-bains-evenements-aix-les-bains-sport-aix-les-bains-vie\/","og_locale":"fr_FR","og_type":"article","og_title":"Tout sur AIX-LES-BAINS","og_description":"D\u00e9couvrez toute l'actualit\u00e9, les informations et l'histoire de la ville d'Aix-les-Bains. Plongez dans les \u00e9v\u00e9nements marquants, les lieux embl\u00e9matiques, les anecdotes historiques et les actualit\u00e9s r\u00e9centes de cette ville de Savoie. Restez inform\u00e9 sur les projets \u00e0 venir, les festivals, les manifestations culturelles et sportives qui font vibrer la cit\u00e9 thermale.","og_url":"https:\/\/www.maxime-schaffner-century21.fr\/index.php\/actualites-aix-les-bains-decouvrir-aix-les-bains-histoire-aix-les-bains-patrimoine-aix-les-bains-tourisme-aix-les-bains-evenements-aix-les-bains-sport-aix-les-bains-vie\/","og_site_name":"Maxime Schaffner Immobilier Aix-les-Bains Century 21","article_publisher":"https:\/\/www.facebook.com\/maximeschaffnercentury21","article_modified_time":"2023-10-07T17:19:17+00:00","og_image":[{"width":820,"height":312,"url":"https:\/\/www.maxime-schaffner-century21.fr\/wp-content\/uploads\/2023\/01\/Blog-Maxime-Schaffner-conseils-pour-vendre.png","type":"image\/png"}],"twitter_card":"summary_large_image","twitter_misc":{"Dur\u00e9e de lecture estim\u00e9e":"1 minute"},"schema":{"@context":"https:\/\/schema.org","@graph":[{"@type":"WebPage","@id":"https:\/\/www.maxime-schaffner-century21.fr\/index.php\/actualites-aix-les-bains-decouvrir-aix-les-bains-histoire-aix-les-bains-patrimoine-aix-les-bains-tourisme-aix-les-bains-evenements-aix-les-bains-sport-aix-les-bains-vie\/","url":"https:\/\/www.maxime-schaffner-century21.fr\/index.php\/actualites-aix-les-bains-decouvrir-aix-les-bains-histoire-aix-les-bains-patrimoine-aix-les-bains-tourisme-aix-les-bains-evenements-aix-les-bains-sport-aix-les-bains-vie\/","name":"Tout sur AIX-LES-BAINS","isPartOf":{"@id":"https:\/\/www.maxime-schaffner-century21.fr\/#website"},"primaryImageOfPage":{"@id":"https:\/\/www.maxime-schaffner-century21.fr\/index.php\/actualites-aix-les-bains-decouvrir-aix-les-bains-histoire-aix-les-bains-patrimoine-aix-les-bains-tourisme-aix-les-bains-evenements-aix-les-bains-sport-aix-les-bains-vie\/#primaryimage"},"image":{"@id":"https:\/\/www.maxime-schaffner-century21.fr\/index.php\/actualites-aix-les-bains-decouvrir-aix-les-bains-histoire-aix-les-bains-patrimoine-aix-les-bains-tourisme-aix-les-bains-evenements-aix-les-bains-sport-aix-les-bains-vie\/#primaryimage"},"thumbnailUrl":"https:\/\/www.maxime-schaffner-century21.fr\/wp-content\/uploads\/2023\/04\/Tout-sur-Aix-les-Bains-2.png","datePublished":"2023-04-23T17:04:34+00:00","dateModified":"2023-10-07T17:19:17+00:00","description":"D\u00e9couvrez toute l'actualit\u00e9, les informations et l'histoire de la ville d'Aix-les-Bains. Plongez dans les \u00e9v\u00e9nements marquants, les lieux embl\u00e9matiques, les anecdotes historiques et les actualit\u00e9s r\u00e9centes de cette ville de Savoie. Restez inform\u00e9 sur les projets \u00e0 venir, les festivals, les manifestations culturelles et sportives qui font vibrer la cit\u00e9 thermale.","breadcrumb":{"@id":"https:\/\/www.maxime-schaffner-century21.fr\/index.php\/actualites-aix-les-bains-decouvrir-aix-les-bains-histoire-aix-les-bains-patrimoine-aix-les-bains-tourisme-aix-les-bains-evenements-aix-les-bains-sport-aix-les-bains-vie\/#breadcrumb"},"inLanguage":"fr-FR","potentialAction":[{"@type":"ReadAction","target":["https:\/\/www.maxime-schaffner-century21.fr\/index.php\/actualites-aix-les-bains-decouvrir-aix-les-bains-histoire-aix-les-bains-patrimoine-aix-les-bains-tourisme-aix-les-bains-evenements-aix-les-bains-sport-aix-les-bains-vie\/"]}]},{"@type":"ImageObject","inLanguage":"fr-FR","@id":"https:\/\/www.maxime-schaffner-century21.fr\/index.php\/actualites-aix-les-bains-decouvrir-aix-les-bains-histoire-aix-les-bains-patrimoine-aix-les-bains-tourisme-aix-les-bains-evenements-aix-les-bains-sport-aix-les-bains-vie\/#primaryimage","url":"https:\/\/www.maxime-schaffner-century21.fr\/wp-content\/uploads\/2023\/04\/Tout-sur-Aix-les-Bains-2.png","contentUrl":"https:\/\/www.maxime-schaffner-century21.fr\/wp-content\/uploads\/2023\/04\/Tout-sur-Aix-les-Bains-2.png","width":940,"height":788},{"@type":"BreadcrumbList","@id":"https:\/\/www.maxime-schaffner-century21.fr\/index.php\/actualites-aix-les-bains-decouvrir-aix-les-bains-histoire-aix-les-bains-patrimoine-aix-les-bains-tourisme-aix-les-bains-evenements-aix-les-bains-sport-aix-les-bains-vie\/#breadcrumb","itemListElement":[{"@type":"ListItem","position":1,"name":"Accueil","item":"https:\/\/www.maxime-schaffner-century21.fr\/"},{"@type":"ListItem","position":2,"name":"Tout sur AIX-LES-BAINS"}]},{"@type":"WebSite","@id":"https:\/\/www.maxime-schaffner-century21.fr\/#website","url":"https:\/\/www.maxime-schaffner-century21.fr\/","name":"Maxime Schaffner Immobilier Aix-les-Bains Century 21","description":"","publisher":{"@id":"https:\/\/www.maxime-schaffner-century21.fr\/#organization"},"alternateName":"Immobilier Aix-les-Bains Maxime Schaffner","potentialAction":[{"@type":"SearchAction","target":{"@type":"EntryPoint","urlTemplate":"https:\/\/www.maxime-schaffner-century21.fr\/?s={search_term_string}"},"query-input":{"@type":"PropertyValueSpecification","valueRequired":true,"valueName":"search_term_string"}}],"inLanguage":"fr-FR"},{"@type":"Organization","@id":"https:\/\/www.maxime-schaffner-century21.fr\/#organization","name":"Maxime Schaffner Immobilier Aix-les-Bains Century 21","url":"https:\/\/www.maxime-schaffner-century21.fr\/","logo":{"@type":"ImageObject","inLanguage":"fr-FR","@id":"https:\/\/www.maxime-schaffner-century21.fr\/#\/schema\/logo\/image\/","url":"https:\/\/www.maxime-schaffner-century21.fr\/wp-content\/uploads\/2024\/02\/cropped-basicblack.png","contentUrl":"https:\/\/www.maxime-schaffner-century21.fr\/wp-content\/uploads\/2024\/02\/cropped-basicblack.png","width":1489,"height":829,"caption":"Maxime Schaffner Immobilier Aix-les-Bains Century 21"},"image":{"@id":"https:\/\/www.maxime-schaffner-century21.fr\/#\/schema\/logo\/image\/"},"sameAs":["https:\/\/www.facebook.com\/maximeschaffnercentury21","https:\/\/www.instagram.com\/maxime_schaffner_century21\/"]}]}},"_links":{"self":[{"href":"https:\/\/www.maxime-schaffner-century21.fr\/index.php\/wp-json\/wp\/v2\/pages\/1642","targetHints":{"allow":["GET"]}}],"collection":[{"href":"https:\/\/www.maxime-schaffner-century21.fr\/index.php\/wp-json\/wp\/v2\/pages"}],"about":[{"href":"https:\/\/www.maxime-schaffner-century21.fr\/index.php\/wp-json\/wp\/v2\/types\/page"}],"author":[{"embeddable":true,"href":"https:\/\/www.maxime-schaffner-century21.fr\/index.php\/wp-json\/wp\/v2\/users\/1"}],"replies":[{"embeddable":true,"href":"https:\/\/www.maxime-schaffner-century21.fr\/index.php\/wp-json\/wp\/v2\/comments?post=1642"}],"version-history":[{"count":14,"href":"https:\/\/www.maxime-schaffner-century21.fr\/index.php\/wp-json\/wp\/v2\/pages\/1642\/revisions"}],"predecessor-version":[{"id":1796,"href":"https:\/\/www.maxime-schaffner-century21.fr\/index.php\/wp-json\/wp\/v2\/pages\/1642\/revisions\/1796"}],"wp:attachment":[{"href":"https:\/\/www.maxime-schaffner-century21.fr\/index.php\/wp-json\/wp\/v2\/media?parent=1642"}],"curies":[{"name":"wp","href":"https:\/\/api.w.org\/{rel}","templated":true}]}}